{"id":1111,"date":"2025-05-25T17:12:21","date_gmt":"2025-05-25T09:12:21","guid":{"rendered":"https:\/\/www.easeen.com\/?post_type=product&#038;p=1111"},"modified":"2025-05-25T17:12:21","modified_gmt":"2025-05-25T09:12:21","slug":"sgm8278-2","status":"publish","type":"product","link":"https:\/\/www.easeen.com\/en\/product\/sgm8278-2\/","title":{"rendered":"SGM8278-2"},"content":{"rendered":"<div class=\"border px-2 pb-2\">\n<div class=\"flex items-center border-b py-4 text-xl\">FEATURES<\/div>\n<div class=\"space-y-2 px-4 py-4 text-sm\">\n<div>\n<div class=\"ck-content\">\n<ul>\n<li>Rail-to-Rail Input and Output<\/li>\n<li>Support Single or Dual Power Supplies<\/li>\n<li>Wide Input Common Mode and Differential Voltage Ranges<\/li>\n<li>Low Input Offset Voltage: 2mV (MAX)<\/li>\n<li>Low Input Bias Current<\/li>\n<li>Low Input Offset Current<\/li>\n<li>High Input Impedance<\/li>\n<li>High Output Current: 95mA (Able to Drive 32\u03a9 Load)<\/li>\n<li>Output Short-Circuit Protection<\/li>\n<li>Low Noise: 15nV\/\u221aHz at 1kHz<\/li>\n<li>Gain-Bandwidth Product: 3.3MHz<\/li>\n<li>Slew Rate: 2V\/\u03bcs<\/li>\n<li>-40\u2103\u00a0to +125\u2103\u00a0Operating Temperature Range<\/li>\n<li>Available in Green SOIC-8, MSOP-8, TDFN-2\u00d72-8AL, TDFN-3\u00d73-8BL and WLCSP-1.57\u00d71.57-8B Packages<\/li>\n<\/ul>\n<\/div>\n<\/div>\n<\/div>\n<\/div>\n<div class=\"border px-2 pb-2\">\n<div class=\"flex items-center border-b py-4 text-xl\">APPLICATIONS<\/div>\n<div class=\"space-y-2 px-4 py-4 text-sm\">\n<div>\n<div class=\"ck-content\">\n<p>High Impedance Sensor<\/p>\n<p>Photodiode Amplifier<\/p>\n<p>High End, Professional Audio<\/p>\n<p>DAC Output Amplifier<\/p>\n<p>Medical<\/p>\n<\/div>\n<\/div>\n<\/div>\n<\/div>","protected":false},"excerpt":{"rendered":"<h2><a href=\"https:\/\/www.sg-micro.com\/\">High-Performance, High-Reliability Analog ICs &#8211; SGMICRO<\/a><\/h2>\n<h2 class=\"mt-2 text-gray-500\">Low Noise, High Voltage, Rail-to-Rail I\/O Operational Amplifier<\/h2>\n<p>The SGM8278-2 is a dual, low noise, precision, high voltage operational amplifier, which can operate from 3V to 36V single supply or from \u00b11.5V to \u00b118V dual power supplies. It provides rail-to-rail input with a wide input common mode voltage range and rail-to-rail output voltage swing.<\/p>\n<p>The SGM8278-2 provides high slew rate, low noise, low offset, drift and bias current.<\/p>\n<p>The SGM8278-2 is available in Green SOIC-8, MSOP-8, TDFN-2\u00d72-8AL, TDFN-3\u00d73-8BL and WLCSP-1.57\u00d71.57-8B packages. It is specified over the extended -40\u2103\u00a0to +125\u2103\u00a0temperature range.<\/p>","protected":false},"featured_media":1112,"template":"","meta":{"site-sidebar-layout":"default","site-content-layout":"","ast-site-content-layout":"default","site-content-style":"default","site-sidebar-style":"default","ast-global-header-display":"","ast-banner-title-visibility":"","ast-main-header-display":"","ast-hfb-above-header-display":"","ast-hfb-below-header-display":"","ast-hfb-mobile-header-display":"","site-post-title":"","ast-breadcrumbs-content":"","ast-featured-img":"","footer-sml-layout":"","theme-transparent-header-meta":"default","adv-header-id-meta":"","stick-header-meta":"default","header-above-stick-meta":"","header-main-stick-meta":"","header-below-stick-meta":"","astra-migrate-meta-layouts":"set","ast-page-background-enabled":"default","ast-page-background-meta":{"desktop":{"background-color":"","background-image":"","background-repeat":"repeat","background-position":"center center","background-size":"auto","background-attachment":"scroll","background-type":"","background-media":"","overlay-type":"","overlay-color":"","overlay-opacity":"","overlay-gradient":""},"tablet":{"background-color":"","background-image":"","background-repeat":"repeat","background-position":"center center","background-size":"auto","background-attachment":"scroll","background-type":"","background-media":"","overlay-type":"","overlay-color":"","overlay-opacity":"","overlay-gradient":""},"mobile":{"background-color":"","background-image":"","background-repeat":"repeat","background-position":"center center","background-size":"auto","background-attachment":"scroll","background-type":"","background-media":"","overlay-type":"","overlay-color":"","overlay-opacity":"","overlay-gradient":""}},"ast-content-background-meta":{"desktop":{"background-color":"var(--ast-global-color-5)","background-image":"","background-repeat":"repeat","background-position":"center center","background-size":"auto","background-attachment":"scroll","background-type":"","background-media":"","overlay-type":"","overlay-color":"","overlay-opacity":"","overlay-gradient":""},"tablet":{"background-color":"var(--ast-global-color-5)","background-image":"","background-repeat":"repeat","background-position":"center center","background-size":"auto","background-attachment":"scroll","background-type":"","background-media":"","overlay-type":"","overlay-color":"","overlay-opacity":"","overlay-gradient":""},"mobile":{"background-color":"var(--ast-global-color-5)","background-image":"","background-repeat":"repeat","background-position":"center center","background-size":"auto","background-attachment":"scroll","background-type":"","background-media":"","overlay-type":"","overlay-color":"","overlay-opacity":"","overlay-gradient":""}}},"product_brand":[],"product_cat":[37],"product_tag":[],"class_list":{"0":"post-1111","1":"product","2":"type-product","3":"status-publish","4":"has-post-thumbnail","6":"product_cat-37","7":"desktop-align-left","8":"tablet-align-left","9":"mobile-align-left","10":"ast-product-gallery-layout-horizontal-slider","11":"ast-product-gallery-with-no-image","12":"ast-product-tabs-layout-horizontal","14":"first","15":"instock","16":"shipping-taxable","17":"product-type-simple"},"_links":{"self":[{"href":"https:\/\/www.easeen.com\/en\/wp-json\/wp\/v2\/product\/1111","targetHints":{"allow":["GET"]}}],"collection":[{"href":"https:\/\/www.easeen.com\/en\/wp-json\/wp\/v2\/product"}],"about":[{"href":"https:\/\/www.easeen.com\/en\/wp-json\/wp\/v2\/types\/product"}],"version-history":[{"count":1,"href":"https:\/\/www.easeen.com\/en\/wp-json\/wp\/v2\/product\/1111\/revisions"}],"predecessor-version":[{"id":1113,"href":"https:\/\/www.easeen.com\/en\/wp-json\/wp\/v2\/product\/1111\/revisions\/1113"}],"wp:featuredmedia":[{"embeddable":true,"href":"https:\/\/www.easeen.com\/en\/wp-json\/wp\/v2\/media\/1112"}],"wp:attachment":[{"href":"https:\/\/www.easeen.com\/en\/wp-json\/wp\/v2\/media?parent=1111"}],"wp:term":[{"taxonomy":"product_brand","embeddable":true,"href":"https:\/\/www.easeen.com\/en\/wp-json\/wp\/v2\/product_brand?post=1111"},{"taxonomy":"product_cat","embeddable":true,"href":"https:\/\/www.easeen.com\/en\/wp-json\/wp\/v2\/product_cat?post=1111"},{"taxonomy":"product_tag","embeddable":true,"href":"https:\/\/www.easeen.com\/en\/wp-json\/wp\/v2\/product_tag?post=1111"}],"curies":[{"name":"wp","href":"https:\/\/api.w.org\/{rel}","templated":true}]}}